{"id":39,"date":"2026-04-01T15:00:35","date_gmt":"2026-04-01T14:00:35","guid":{"rendered":"http:\/\/ecolos-bsl.fr\/?page_id=39"},"modified":"2026-04-04T13:15:51","modified_gmt":"2026-04-04T12:15:51","slug":"presentation","status":"publish","type":"page","link":"https:\/\/ecolos-bsl.fr\/","title":{"rendered":"Pr\u00e9sentation"},"content":{"rendered":"\n<p><\/p>\n\n\n\n<p><em>Publi\u00e9 le 2 avril 2026<\/em><\/p>\n\n\n\n<p>Boissy-Saint-L\u00e9ger, Val-de-Marne<\/p>\n\n\n\n<p>Les 15 et 22 mars 2026, la liste <em>Boissy nous rassemble, Boissy nous ressemble<\/em>, emmen\u00e9e par <strong>R\u00e9gis Charbonnier<\/strong>, a obtenu 24 \u00e9lus et forme la majorit\u00e9 municipale.<\/p>\n\n\n\n<p>Les \u00e9cologistes de Boissy, \u00e9lus, colistiers non \u00e9lus et les autres membres des \u00e9cologistes ont constitu\u00e9 un groupe appel\u00e9 <em>Boissy \u00c9cologie et Solidarit\u00e9.<\/em><\/p>\n\n\n\n<p>Ce groupe, partie int\u00e9grante de la majorit\u00e9 municipale, soutient le projet approuv\u00e9 par les \u00e9lectrices et les \u00e9lecteurs.<\/p>\n\n\n\n<p>Nous porterons une attention particuli\u00e8re \u00e0 tout ce qui touche \u00e0 la protection de l&rsquo;environnement, \u00e0 la biodiversit\u00e9, aux mobilit\u00e9s actives et \u00e0 la solidarit\u00e9.<\/p>\n\n\n<div class=\"wp-block-image\">\n<figure class=\"aligncenter size-full\"><img loading=\"lazy\" decoding=\"async\" width=\"507\" height=\"486\" src=\"http:\/\/ecolos-bsl.fr\/wp-content\/uploads\/2026\/04\/Logo-Boissy-Ecologie-et-Solidarite.jpg\" alt=\"Logo Boissy \u00c9cologie et Solidarit\u00e9\" class=\"wp-image-26\" srcset=\"https:\/\/ecolos-bsl.fr\/wp-content\/uploads\/2026\/04\/Logo-Boissy-Ecologie-et-Solidarite.jpg 507w, https:\/\/ecolos-bsl.fr\/wp-content\/uploads\/2026\/04\/Logo-Boissy-Ecologie-et-Solidarite-300x288.jpg 300w\" sizes=\"auto, (max-width: 507px) 100vw, 507px\" \/><\/figure>\n<\/div>","protected":false},"excerpt":{"rendered":"<p>Publi\u00e9 le 2 avril 2026 Boissy-Saint-L\u00e9ger, Val-de-Marne Les 15 et 22 mars 2026, la liste Boissy nous rassemble, Boissy nous ressemble, emmen\u00e9e par R\u00e9gis Charbonnier, a obtenu 24 \u00e9lus et forme la majorit\u00e9 municipale. Les \u00e9cologistes de Boissy, \u00e9lus, colistiers non \u00e9lus et les autres membres des \u00e9cologistes ont constitu\u00e9 un groupe appel\u00e9 Boissy \u00c9cologie [&hellip;]<\/p>\n","protected":false},"author":2,"featured_media":0,"parent":0,"menu_order":0,"comment_status":"closed","ping_status":"closed","template":"","meta":{"footnotes":""},"class_list":["post-39","page","type-page","status-publish","hentry"],"_links":{"self":[{"href":"https:\/\/ecolos-bsl.fr\/index.php\/wp-json\/wp\/v2\/pages\/39","targetHints":{"allow":["GET"]}}],"collection":[{"href":"https:\/\/ecolos-bsl.fr\/index.php\/wp-json\/wp\/v2\/pages"}],"about":[{"href":"https:\/\/ecolos-bsl.fr\/index.php\/wp-json\/wp\/v2\/types\/page"}],"author":[{"embeddable":true,"href":"https:\/\/ecolos-bsl.fr\/index.php\/wp-json\/wp\/v2\/users\/2"}],"replies":[{"embeddable":true,"href":"https:\/\/ecolos-bsl.fr\/index.php\/wp-json\/wp\/v2\/comments?post=39"}],"version-history":[{"count":6,"href":"https:\/\/ecolos-bsl.fr\/index.php\/wp-json\/wp\/v2\/pages\/39\/revisions"}],"predecessor-version":[{"id":90,"href":"https:\/\/ecolos-bsl.fr\/index.php\/wp-json\/wp\/v2\/pages\/39\/revisions\/90"}],"wp:attachment":[{"href":"https:\/\/ecolos-bsl.fr\/index.php\/wp-json\/wp\/v2\/media?parent=39"}],"curies":[{"name":"wp","href":"https:\/\/api.w.org\/{rel}","templated":true}]}}