{"id":37,"date":"2026-04-01T14:53:27","date_gmt":"2026-04-01T13:53:27","guid":{"rendered":"http:\/\/ecolos-bsl.fr\/?page_id=37"},"modified":"2026-04-01T15:05:00","modified_gmt":"2026-04-01T14:05:00","slug":"mentions-obligatoires","status":"publish","type":"page","link":"https:\/\/ecolos-bsl.fr\/index.php\/mentions-obligatoires\/","title":{"rendered":"Mentions obligatoires"},"content":{"rendered":"\n<p><strong>Qui sommes-nous, h\u00e9bergement<\/strong><\/p>\n\n\n\n<p>Ce site est le blog des \u00e9cologistes de Boissy-Saint-L\u00e9ger faisant partie de la majorit\u00e9 municipale \u00e9lue le 22 mars 2026. Nos coordonn\u00e9es sont disponibles sur demande des autorit\u00e9s comp\u00e9tentes aupr\u00e8s de notre h\u00e9bergeur, <a href=\"https:\/\/www.ovh.com\/fr\/\" target=\"_blank\" rel=\"noreferrer noopener\">OVH<\/a>.<\/p>\n\n\n\n<p>OVH&nbsp;: 2 rue Kellermann \u2013 59100 Roubaix \u2013 France, t\u00e9l. 1007.<\/p>\n\n\n\n<p><strong>R\u00e9alisation du site<\/strong><\/p>\n\n\n\n<p>Ce site est r\u00e9alis\u00e9 gr\u00e2ce au \u00ab&nbsp;syst\u00e8me de gestion de contenu&nbsp;\u00bb (CMS en anglais) <a href=\"https:\/\/fr.wordpress.org\/\" target=\"_blank\" rel=\"noreferrer noopener\">WordPress<\/a>.<\/p>\n\n\n\n<p><strong>Cookies, protection des donn\u00e9es personnelles<br><\/strong><\/p>\n\n\n\n<p>Les visiteurs de ce site ne peuvent pas s\u2019y inscrire, que ce soit pour publier des commentaires ou pour toute autre raison. Aucun cookie traceur n\u2019est d\u00e9pos\u00e9 sur les ordinateurs, tablettes ou smartphones qui acc\u00e8dent \u00e0 ce site. Seuls quelques cookies techniques de redirection sont utilis\u00e9s par OVH. Aucune donn\u00e9e personnelle n\u2019est donc collect\u00e9e et nous n\u2019avons pas besoin de demander \u00e0 nos visiteurs d\u2019accepter des cookies.<\/p>\n","protected":false},"excerpt":{"rendered":"<p>Qui sommes-nous, h\u00e9bergement Ce site est le blog des \u00e9cologistes de Boissy-Saint-L\u00e9ger faisant partie de la majorit\u00e9 municipale \u00e9lue le 22 mars 2026. Nos coordonn\u00e9es sont disponibles sur demande des autorit\u00e9s comp\u00e9tentes aupr\u00e8s de notre h\u00e9bergeur, OVH. OVH&nbsp;: 2 rue Kellermann \u2013 59100 Roubaix \u2013 France, t\u00e9l. 1007. R\u00e9alisation du site Ce site est r\u00e9alis\u00e9 [&hellip;]<\/p>\n","protected":false},"author":2,"featured_media":0,"parent":0,"menu_order":0,"comment_status":"closed","ping_status":"closed","template":"","meta":{"footnotes":""},"class_list":["post-37","page","type-page","status-publish","hentry"],"_links":{"self":[{"href":"https:\/\/ecolos-bsl.fr\/index.php\/wp-json\/wp\/v2\/pages\/37","targetHints":{"allow":["GET"]}}],"collection":[{"href":"https:\/\/ecolos-bsl.fr\/index.php\/wp-json\/wp\/v2\/pages"}],"about":[{"href":"https:\/\/ecolos-bsl.fr\/index.php\/wp-json\/wp\/v2\/types\/page"}],"author":[{"embeddable":true,"href":"https:\/\/ecolos-bsl.fr\/index.php\/wp-json\/wp\/v2\/users\/2"}],"replies":[{"embeddable":true,"href":"https:\/\/ecolos-bsl.fr\/index.php\/wp-json\/wp\/v2\/comments?post=37"}],"version-history":[{"count":2,"href":"https:\/\/ecolos-bsl.fr\/index.php\/wp-json\/wp\/v2\/pages\/37\/revisions"}],"predecessor-version":[{"id":46,"href":"https:\/\/ecolos-bsl.fr\/index.php\/wp-json\/wp\/v2\/pages\/37\/revisions\/46"}],"wp:attachment":[{"href":"https:\/\/ecolos-bsl.fr\/index.php\/wp-json\/wp\/v2\/media?parent=37"}],"curies":[{"name":"wp","href":"https:\/\/api.w.org\/{rel}","templated":true}]}}